{"id":17,"date":"2025-03-05T16:23:10","date_gmt":"2025-03-05T16:23:10","guid":{"rendered":"https:\/\/gold-goshawk-665448.hostingersite.com\/?page_id=17"},"modified":"2025-05-16T09:59:19","modified_gmt":"2025-05-16T09:59:19","slug":"eventos","status":"publish","type":"page","link":"https:\/\/filipecarrera.com\/en\/eventos\/","title":{"rendered":"Events"},"content":{"rendered":"<div data-elementor-type=\"wp-page\" data-elementor-id=\"17\" class=\"elementor elementor-17\" data-elementor-settings=\"{&quot;ha_cmc_init_switcher&quot;:&quot;no&quot;}\" data-elementor-post-type=\"page\">\n\t\t\t\t<div class=\"elementor-element elementor-element-545bbf8 e-flex e-con-boxed wpr-particle-no wpr-jarallax-no wpr-parallax-no wpr-sticky-section-no wpr-equal-height-no e-con e-parent\" data-id=\"545bbf8\" data-element_type=\"container\" data-e-type=\"container\" data-settings=\"{&quot;background_background&quot;:&quot;classic&quot;,&quot;_ha_eqh_enable&quot;:false}\">\n\t\t\t\t\t<div class=\"e-con-inner\">\n\t\t\t\t<div class=\"elementor-element elementor-element-9d674e5 elementor-widget elementor-widget-heading\" data-id=\"9d674e5\" data-element_type=\"widget\" data-e-type=\"widget\" data-widget_type=\"heading.default\">\n\t\t\t\t\t<h2 class=\"elementor-heading-title elementor-size-default\">Events<\/h2>\t\t\t\t<\/div>\n\t\t\t\t\t<\/div>\n\t\t\t\t<\/div>\n\t\t<div class=\"elementor-element elementor-element-548a9b0 e-flex e-con-boxed wpr-particle-no wpr-jarallax-no wpr-parallax-no wpr-sticky-section-no wpr-equal-height-no e-con e-parent\" data-id=\"548a9b0\" data-element_type=\"container\" data-e-type=\"container\" data-settings=\"{&quot;_ha_eqh_enable&quot;:false}\">\n\t\t\t\t\t<div class=\"e-con-inner\">\n\t\t<div class=\"elementor-element elementor-element-51d2857 e-con-full e-flex wpr-particle-no wpr-jarallax-no wpr-parallax-no wpr-sticky-section-no wpr-equal-height-no e-con e-child\" data-id=\"51d2857\" data-element_type=\"container\" data-e-type=\"container\" data-settings=\"{&quot;_ha_eqh_enable&quot;:false}\">\n\t\t\t\t<div class=\"elementor-element elementor-element-987af2a elementor-widget elementor-widget-heading\" data-id=\"987af2a\" data-element_type=\"widget\" data-e-type=\"widget\" data-widget_type=\"heading.default\">\n\t\t\t\t\t<h2 class=\"elementor-heading-title elementor-size-default\">Upcoming Events<\/h2>\t\t\t\t<\/div>\n\t\t\t\t<\/div>\n\t\t<div class=\"elementor-element elementor-element-b273bc5 e-con-full e-flex wpr-particle-no wpr-jarallax-no wpr-parallax-no wpr-sticky-section-no wpr-equal-height-no e-con e-child\" data-id=\"b273bc5\" data-element_type=\"container\" data-e-type=\"container\" data-settings=\"{&quot;_ha_eqh_enable&quot;:false}\">\n\t\t\t\t<div class=\"elementor-element elementor-element-d4c9633 elementor-widget elementor-widget-event-listing\" data-id=\"d4c9633\" data-element_type=\"widget\" data-e-type=\"widget\" data-widget_type=\"event-listing.default\">\n\t\t\t\t<div class=\"elementor-widget-container\">\n\t\t\t\t\t<div class=\"event_listings\" data-location=\"\" data-keywords=\"\" data-show_filters=\"false\" data-show_pagination=\"false\" data-per_page=\"10\" data-orderby=\"event_start_date\" data-order=\"DESC\" data-datetimes=\"\" data-categories=\"Pr\u00f3ximos eventos\" data-event_types=\"\" data-ticket_prices=\"\" data-event_online=\"\" ><div class=\"wpem-main wpem-event-listings-header\">\r\n    <div class=\"wpem-row\">\r\n        <div class=\"wpem-col wpem-col-12 wpem-col-sm-6 wpem-col-md-6 wpem-col-lg-8\">\r\n            <div class=\"wpem-event-listing-header-title\">\r\n                                    <h2 class=\"wpem-heading-text\">Events<\/h2>\r\n                            <\/div>\r\n        <\/div>\r\n        <div class=\"wpem-col wpem-col-12 wpem-col-sm-6 wpem-col-md-6 wpem-col-lg-4\">\r\n            <div class=\"wpem-event-layout-action-wrapper\">\r\n                <div class=\"wpem-event-layout-action\">\r\n                                                                    <div class=\"wpem-event-layout-icon wpem-event-box-layout\" title=\"Events Box View\" id=\"wpem-event-box-layout\"><i class=\"wpem-icon-stop2\"><\/i><\/div>\r\n                        <div class=\"wpem-event-layout-icon wpem-event-list-layout wpem-active-layout\" title=\"Events List View\" id=\"wpem-event-list-layout\"><i class=\"wpem-icon-menu\"><\/i><\/div>\r\n                                                            <\/div>\r\n            <\/div>\r\n        <\/div>\r\n    <\/div>\r\n<\/div>\r\n\r\n<!-- Event listing view -->\r\n<div class=\"event_listings_main\">\r\n    <div id=\"event-listing-view\" class=\"wpem-main wpem-event-listings event_listings wpem-event-listing-list-view\" data-id=\"all\"><div class=\"wpem-event-box-col wpem-col wpem-col-12 wpem-col-md-6 wpem-col-lg-4\">\r\n    <!----- wpem-col-lg-4 value can be change by admin settings ------->\r\n    <div class=\"wpem-event-layout-wrapper\">\r\n        <div class=\"event_listing post-1853 type-event_listing status-publish has-post-thumbnail hentry event_listing_category-proximos-eventos\">\r\n            <a href=\"https:\/\/filipecarrera.com\/en\/event\/workshop-comunicar-2-0-a-arte-de-bem-comunicar-no-seculo-xxi\/\" class=\"wpem-event-action-url event-style-color\">\r\n                <div class=\"wpem-event-banner\">\r\n                    <div class=\"wpem-event-banner-img\" style=\"background-image: url(https:\/\/filipecarrera.com\/wp-content\/uploads\/2025\/05\/favicon2-1.png)\">\r\n                        <!-- Hide in list View \/\/ Show in Box View -->\r\n                                                <div class=\"wpem-event-date\">\r\n                            <div class=\"wpem-event-date-type\">\r\n                                                                    <div class=\"wpem-from-date\">\r\n                                        <div class=\"wpem-date\">03<\/div>\r\n                                        <div class=\"wpem-month\">Dec<\/div>\r\n                                    <\/div>\r\n                                                            <\/div>\r\n                        <\/div>\r\n                        <!-- Hide in list View \/\/ Show in Box View -->\r\n                    <\/div>\r\n                <\/div>\r\n\r\n                <div class=\"wpem-event-infomation\">\r\n                    <div class=\"wpem-event-date\">\r\n                        <div class=\"wpem-event-date-type\">\r\n                                                            <div class=\"wpem-from-date\">\r\n                                    <div class=\"wpem-date\">03<\/div>\r\n                                    <div class=\"wpem-month\">Dec<\/div>\r\n                                <\/div>\r\n                                                            <div class=\"wpem-to-date\">\r\n                                    <div class=\"wpem-date-separator\">-<\/div>\r\n                                    <div class=\"wpem-date\">03<\/div>\r\n                                    <div class=\"wpem-month\">Dec<\/div>\r\n                                <\/div>\r\n                                                    <\/div>\r\n                    <\/div>\r\n\r\n                    <div class=\"wpem-event-details\">\r\n                                                <div class=\"wpem-event-title\">\r\n                            <h3 class=\"wpem-heading-text\">Communicate 2.0 Workshop \u2013 The Art of Communicating in the 21st Century<\/h3>\r\n                        <\/div>\r\n\r\n                        <div class=\"wpem-event-date-time\">\r\n                            <span class=\"wpem-event-date-time-text\">\r\n                                2026-12-03                                 @ 06:30 PM - 2026-12-03 @ 09:30 PM                            <\/span>\r\n                        <\/div>\r\n                        <div class=\"wpem-event-location\">\r\n                            <span class=\"wpem-event-location-text\">\r\n                                Lisboa                            <\/span>\r\n                        <\/div>\r\n                        \r\n                        <!-- Show in list View \/\/ Hide in Box View -->\r\n                                                <!-- Show in list View \/\/ Hide in Box View -->\r\n                                            <\/div>\r\n                <\/div>\r\n            <\/a>\r\n        <\/div>\r\n    <\/div>\r\n<\/div><div class=\"wpem-event-box-col wpem-col wpem-col-12 wpem-col-md-6 wpem-col-lg-4\">\r\n    <!----- wpem-col-lg-4 value can be change by admin settings ------->\r\n    <div class=\"wpem-event-layout-wrapper\">\r\n        <div class=\"event_listing post-1852 type-event_listing status-publish has-post-thumbnail hentry event_listing_category-proximos-eventos\">\r\n            <a href=\"https:\/\/filipecarrera.com\/en\/event\/comunicacao-online-eficaz-reunioes-dinamicas-formacao-envolvente-e-apresentacoes-cativantes\/\" class=\"wpem-event-action-url event-style-color\">\r\n                <div class=\"wpem-event-banner\">\r\n                    <div class=\"wpem-event-banner-img\" style=\"background-image: url(https:\/\/filipecarrera.com\/wp-content\/uploads\/2025\/05\/favicon2-1.png)\">\r\n                        <!-- Hide in list View \/\/ Show in Box View -->\r\n                                                <div class=\"wpem-event-date\">\r\n                            <div class=\"wpem-event-date-type\">\r\n                                                                    <div class=\"wpem-from-date\">\r\n                                        <div class=\"wpem-date\">01<\/div>\r\n                                        <div class=\"wpem-month\">Jun<\/div>\r\n                                    <\/div>\r\n                                                            <\/div>\r\n                        <\/div>\r\n                        <!-- Hide in list View \/\/ Show in Box View -->\r\n                    <\/div>\r\n                <\/div>\r\n\r\n                <div class=\"wpem-event-infomation\">\r\n                    <div class=\"wpem-event-date\">\r\n                        <div class=\"wpem-event-date-type\">\r\n                                                            <div class=\"wpem-from-date\">\r\n                                    <div class=\"wpem-date\">01<\/div>\r\n                                    <div class=\"wpem-month\">Jun<\/div>\r\n                                <\/div>\r\n                                                            <div class=\"wpem-to-date\">\r\n                                    <div class=\"wpem-date-separator\">-<\/div>\r\n                                    <div class=\"wpem-date\">21<\/div>\r\n                                    <div class=\"wpem-month\">Jun<\/div>\r\n                                <\/div>\r\n                                                    <\/div>\r\n                    <\/div>\r\n\r\n                    <div class=\"wpem-event-details\">\r\n                                                <div class=\"wpem-event-title\">\r\n                            <h3 class=\"wpem-heading-text\">Effective online communication: dynamic meetings, engaging training, and captivating presentations!<\/h3>\r\n                        <\/div>\r\n\r\n                        <div class=\"wpem-event-date-time\">\r\n                            <span class=\"wpem-event-date-time-text\">\r\n                                2026-06-01                                 - 2026-06-21                            <\/span>\r\n                        <\/div>\r\n                        <div class=\"wpem-event-location\">\r\n                            <span class=\"wpem-event-location-text\">\r\n                                Online                            <\/span>\r\n                        <\/div>\r\n                        \r\n                        <!-- Show in list View \/\/ Hide in Box View -->\r\n                                                <!-- Show in list View \/\/ Hide in Box View -->\r\n                                            <\/div>\r\n                <\/div>\r\n            <\/a>\r\n        <\/div>\r\n    <\/div>\r\n<\/div><\/div>\r\n<\/div>\r\n<\/div>\t\t\t\t<\/div>\n\t\t\t\t<\/div>\n\t\t\t\t<\/div>\n\t\t\t\t\t<\/div>\n\t\t\t\t<\/div>\n\t\t<div class=\"elementor-element elementor-element-c045105 e-flex e-con-boxed wpr-particle-no wpr-jarallax-no wpr-parallax-no wpr-sticky-section-no wpr-equal-height-no e-con e-parent\" data-id=\"c045105\" data-element_type=\"container\" data-e-type=\"container\" data-settings=\"{&quot;background_background&quot;:&quot;classic&quot;,&quot;_ha_eqh_enable&quot;:false}\">\n\t\t\t\t\t<div class=\"e-con-inner\">\n\t\t<div class=\"elementor-element elementor-element-f60a915 e-con-full e-flex wpr-particle-no wpr-jarallax-no wpr-parallax-no wpr-sticky-section-no wpr-equal-height-no e-con e-child\" data-id=\"f60a915\" data-element_type=\"container\" data-e-type=\"container\" data-settings=\"{&quot;_ha_eqh_enable&quot;:false}\">\n\t\t\t\t<div class=\"elementor-element elementor-element-924d894 elementor-widget elementor-widget-heading\" data-id=\"924d894\" data-element_type=\"widget\" data-e-type=\"widget\" data-widget_type=\"heading.default\">\n\t\t\t\t\t<h2 class=\"elementor-heading-title elementor-size-default\">Online Events<\/h2>\t\t\t\t<\/div>\n\t\t\t\t<\/div>\n\t\t<div class=\"elementor-element elementor-element-f736f8d e-con-full e-flex wpr-particle-no wpr-jarallax-no wpr-parallax-no wpr-sticky-section-no wpr-equal-height-no e-con e-child\" data-id=\"f736f8d\" data-element_type=\"container\" data-e-type=\"container\" data-settings=\"{&quot;_ha_eqh_enable&quot;:false}\">\n\t\t\t\t<div class=\"elementor-element elementor-element-93801b0 elementor-widget elementor-widget-event-listing\" data-id=\"93801b0\" data-element_type=\"widget\" data-e-type=\"widget\" data-widget_type=\"event-listing.default\">\n\t\t\t\t<div class=\"elementor-widget-container\">\n\t\t\t\t\t<div class=\"event_listings\" data-location=\"\" data-keywords=\"\" data-show_filters=\"false\" data-show_pagination=\"false\" data-per_page=\"10\" data-orderby=\"event_start_date\" data-order=\"DESC\" data-datetimes=\"\" data-categories=\"Eventos on-line\" data-event_types=\"\" data-ticket_prices=\"\" data-event_online=\"\" ><div class=\"wpem-main wpem-event-listings-header\">\r\n    <div class=\"wpem-row\">\r\n        <div class=\"wpem-col wpem-col-12 wpem-col-sm-6 wpem-col-md-6 wpem-col-lg-8\">\r\n            <div class=\"wpem-event-listing-header-title\">\r\n                                    <h2 class=\"wpem-heading-text\">Events<\/h2>\r\n                            <\/div>\r\n        <\/div>\r\n        <div class=\"wpem-col wpem-col-12 wpem-col-sm-6 wpem-col-md-6 wpem-col-lg-4\">\r\n            <div class=\"wpem-event-layout-action-wrapper\">\r\n                <div class=\"wpem-event-layout-action\">\r\n                                                                    <div class=\"wpem-event-layout-icon wpem-event-box-layout\" title=\"Events Box View\" id=\"wpem-event-box-layout\"><i class=\"wpem-icon-stop2\"><\/i><\/div>\r\n                        <div class=\"wpem-event-layout-icon wpem-event-list-layout wpem-active-layout\" title=\"Events List View\" id=\"wpem-event-list-layout\"><i class=\"wpem-icon-menu\"><\/i><\/div>\r\n                                                            <\/div>\r\n            <\/div>\r\n        <\/div>\r\n    <\/div>\r\n<\/div>\r\n\r\n<!-- Event listing view -->\r\n<div class=\"event_listings_main\">\r\n    <div id=\"event-listing-view\" class=\"wpem-main wpem-event-listings event_listings wpem-event-listing-list-view\" data-id=\"all\"><div class=\"wpem-event-box-col wpem-col wpem-col-12 wpem-col-md-6 wpem-col-lg-4\">\r\n    <!----- wpem-col-lg-4 value can be change by admin settings ------->\r\n    <div class=\"wpem-event-layout-wrapper\">\r\n        <div class=\"event_listing post-1854 type-event_listing status-publish has-post-thumbnail hentry event_listing_category-eventos-on-line\">\r\n            <a href=\"https:\/\/filipecarrera.com\/en\/event\/cative-o-publico-com-confianca\/\" class=\"wpem-event-action-url event-style-color\">\r\n                <div class=\"wpem-event-banner\">\r\n                    <div class=\"wpem-event-banner-img\" style=\"background-image: url(https:\/\/filipecarrera.com\/wp-content\/uploads\/2025\/05\/favicon2-1.png)\">\r\n                        <!-- Hide in list View \/\/ Show in Box View -->\r\n                                                <div class=\"wpem-event-date\">\r\n                            <div class=\"wpem-event-date-type\">\r\n                                                            <\/div>\r\n                        <\/div>\r\n                        <!-- Hide in list View \/\/ Show in Box View -->\r\n                    <\/div>\r\n                <\/div>\r\n\r\n                <div class=\"wpem-event-infomation\">\r\n                    <div class=\"wpem-event-date\">\r\n                        <div class=\"wpem-event-date-type\">\r\n                                                    <\/div>\r\n                    <\/div>\r\n\r\n                    <div class=\"wpem-event-details\">\r\n                                                <div class=\"wpem-event-title\">\r\n                            <h3 class=\"wpem-heading-text\">Captivate Audiences with Confidence<\/h3>\r\n                        <\/div>\r\n\r\n                        <div class=\"wpem-event-date-time\">\r\n                            <span class=\"wpem-event-date-time-text\">\r\n                                                                                            <\/span>\r\n                        <\/div>\r\n                        <div class=\"wpem-event-location\">\r\n                            <span class=\"wpem-event-location-text\">\r\n                                Online Event                            <\/span>\r\n                        <\/div>\r\n                        \r\n                        <!-- Show in list View \/\/ Hide in Box View -->\r\n                                                <!-- Show in list View \/\/ Hide in Box View -->\r\n                                            <\/div>\r\n                <\/div>\r\n            <\/a>\r\n        <\/div>\r\n    <\/div>\r\n<\/div><\/div>\r\n<\/div>\r\n<\/div>\t\t\t\t<\/div>\n\t\t\t\t<\/div>\n\t\t\t\t<\/div>\n\t\t\t\t\t<\/div>\n\t\t\t\t<\/div>\n\t\t\t\t<\/div>","protected":false},"excerpt":{"rendered":"<p>Eventos Pr\u00f3ximos eventos Events 07 Ago 07 Ago &#8211; 28 Jul Comunica\u00e7\u00e3o online eficaz: reuni\u00f5es din\u00e2micas, forma\u00e7\u00e3o envolvente e apresenta\u00e7\u00f5es cativantes! 2025-08-07 &#8211; 2025-07-28 Portugal 05 Ago 05 Ago &#8211; 05 Ago Workshop Comunicar 2.0 \u2013 A Arte de Bem Comunicar no S\u00e9culo XXI 2025-08-05 @ 06:30 PM &#8211; 2025-08-05 @ 09:30 PM Portugal Eventos&#8230;<\/p>","protected":false},"author":1,"featured_media":0,"parent":0,"menu_order":0,"comment_status":"closed","ping_status":"closed","template":"elementor_header_footer","meta":{"_kad_post_transparent":"default","_kad_post_title":"hide","_kad_post_layout":"fullwidth","_kad_post_sidebar_id":"","_kad_post_content_style":"unboxed","_kad_post_vertical_padding":"hide","_kad_post_feature":"hide","_kad_post_feature_position":"","_kad_post_header":false,"_kad_post_footer":false,"footnotes":""},"class_list":["post-17","page","type-page","status-publish","hentry"],"_links":{"self":[{"href":"https:\/\/filipecarrera.com\/en\/wp-json\/wp\/v2\/pages\/17","targetHints":{"allow":["GET"]}}],"collection":[{"href":"https:\/\/filipecarrera.com\/en\/wp-json\/wp\/v2\/pages"}],"about":[{"href":"https:\/\/filipecarrera.com\/en\/wp-json\/wp\/v2\/types\/page"}],"author":[{"embeddable":true,"href":"https:\/\/filipecarrera.com\/en\/wp-json\/wp\/v2\/users\/1"}],"replies":[{"embeddable":true,"href":"https:\/\/filipecarrera.com\/en\/wp-json\/wp\/v2\/comments?post=17"}],"version-history":[{"count":51,"href":"https:\/\/filipecarrera.com\/en\/wp-json\/wp\/v2\/pages\/17\/revisions"}],"predecessor-version":[{"id":1866,"href":"https:\/\/filipecarrera.com\/en\/wp-json\/wp\/v2\/pages\/17\/revisions\/1866"}],"wp:attachment":[{"href":"https:\/\/filipecarrera.com\/en\/wp-json\/wp\/v2\/media?parent=17"}],"curies":[{"name":"wp","href":"https:\/\/api.w.org\/{rel}","templated":true}]}}